{"id":16939,"date":"2026-01-12T11:16:28","date_gmt":"2026-01-12T10:16:28","guid":{"rendered":"https:\/\/marbelladreamvillas.com\/favoriter\/"},"modified":"2026-01-17T20:16:45","modified_gmt":"2026-01-17T19:16:45","slug":"favoriter","status":"publish","type":"page","link":"https:\/\/marbelladreamvillas.com\/sv\/favoriter\/","title":{"rendered":"Favoriter"},"content":{"rendered":"\t\t<div data-elementor-type=\"wp-page\" data-elementor-id=\"16939\" class=\"elementor elementor-16939 elementor-16781\">\n\t\t\t\t\t\t<section class=\"elementor-section elementor-top-section elementor-element elementor-element-3df58683 elementor-section-height-min-height cs-section-content-fullwidth cs-parallax-on-scroll cs_scroll_y_80 elementor-section-boxed elementor-section-height-default elementor-section-items-middle\" data-id=\"3df58683\" data-element_type=\"section\" data-e-type=\"section\" data-settings=\"{&quot;background_background&quot;:&quot;classic&quot;}\" data-cs-parallax-y=\"80\" style=\"background-image: none;\" data-cs-background-image=\"https:\/\/marbelladreamvillas.com\/wp-content\/uploads\/2026\/01\/favourite-villas.jpg\">\n\t\t\t\t\t\t\t<div class=\"elementor-background-overlay\"><\/div>\n\t\t\t\t\t\t\t<div class=\"elementor-container elementor-column-gap-no\">\n\t\t\t\t\t<div class=\"elementor-column elementor-col-100 elementor-top-column elementor-element elementor-element-e563a6d dark-color\" data-id=\"e563a6d\" data-element_type=\"column\" data-e-type=\"column\">\n\t\t\t<div class=\"elementor-widget-wrap elementor-element-populated\">\n\t\t\t\t\t\t<div class=\"elementor-element elementor-element-5da6cd2b elementor-widget elementor-widget-cs_title\" data-id=\"5da6cd2b\" data-element_type=\"widget\" data-e-type=\"widget\" data-widget_type=\"cs_title.default\">\n\t\t\t\t<div class=\"elementor-widget-container\">\n\t\t\t\t\t\n        <div class=\"cs-title-wrap text-center\">\t            <div class=\"cs-subtitle-wrap\"><span class=\"cs-subtitle color-white\">Sparad samling<\/span><\/div>\t            <h1 class=\"cs-title\">\n\t                Dina favoritvillor\t            <\/h1>\t            <div class=\"cs-title-text\">\n\t                <p>Granska de villor du har sparat och skicka Dream Villas en f\u00f6rfr\u00e5gan om tillg\u00e4nglighet, priser eller f\u00f6r att beg\u00e4ra en bokning eller visning.<\/p>\t            <\/div>        <\/div>\t\t\t\t<\/div>\n\t\t\t\t<\/div>\n\t\t\t\t\t<\/div>\n\t\t<\/div>\n\t\t\t\t\t<\/div>\n\t\t<\/section>\n\t\t\t\t<\/div>\n\t\t","protected":false},"excerpt":{"rendered":"<p>Sparad samling Dina favoritvillor Granska de villor du har sparat och skicka Dream Villas en f\u00f6rfr\u00e5gan om tillg\u00e4nglighet, priser eller f\u00f6r att beg\u00e4ra en bokning eller visning.<\/p>\n","protected":false},"author":1,"featured_media":0,"parent":0,"menu_order":0,"comment_status":"closed","ping_status":"closed","template":"dv-favourites.php","meta":{"cozystay_single_page_hide_site_header":"","cozystay_single_page_site_header_source":"","cozystay_single_page_custom_site_header":"0","cozystay_single_page_custom_sticky_site_header":"0","cozystay_single_page_hide_page_title":"","cozystay_single_page_header_section_size":"","cozystay_single_page_header_background_color":"","cozystay_single_page_header_background_position_x":"center","cozystay_single_page_header_background_position_y":"center","cozystay_single_page_header_background_size":"cover","cozystay_single_page_header_background_repeat":"off","cozystay_single_page_header_background_scroll":"on","cozystay_single_page_header_text_color":"","cozystay_single_page_header_show_breadcrumb":"","cozystay_single_page_site_footer_hide_main":"","cozystay_single_custom_site_footer_main_source":"","cozystay_single_custom_site_footer_main":"0","cozystay_single_page_site_footer_hide_above":"","cozystay_single_custom_site_footer_above_source":"","cozystay_single_custom_site_footer_above":"0","cozystay_single_page_site_footer_hide_instagram":"","cozystay_single_page_site_footer_hide_bottom":"","cozystay_single_custom_mobile_menu_source":"","cozystay_single_custom_mobile_menu":"0","cozystay_single_custom_mobile_menu_animation":"","cozystay_single_custom_mobile_menu_width":"","cozystay_single_custom_mobile_menu_custom_width":375,"_joinchat":[],"footnotes":""},"class_list":["post-16939","page","type-page","status-publish","hentry"],"yoast_head":"<!-- This site is optimized with the Yoast SEO plugin v27.2 - https:\/\/yoast.com\/product\/yoast-seo-wordpress\/ -->\n<title>Favoriter - Marbella Dream Villas<\/title>\n<meta name=\"robots\" content=\"index, follow, max-snippet:-1, max-image-preview:large, max-video-preview:-1\" \/>\n<link rel=\"canonical\" href=\"https:\/\/marbelladreamvillas.com\/sv\/favoriter\/\" \/>\n<meta property=\"og:locale\" content=\"sv_SE\" \/>\n<meta property=\"og:type\" content=\"article\" \/>\n<meta property=\"og:title\" content=\"Favoriter - Marbella Dream Villas\" \/>\n<meta property=\"og:description\" content=\"Sparad samling Dina favoritvillor Granska de villor du har sparat och skicka Dream Villas en f\u00f6rfr\u00e5gan om tillg\u00e4nglighet, priser eller f\u00f6r att beg\u00e4ra en bokning eller visning.\" \/>\n<meta property=\"og:url\" content=\"https:\/\/marbelladreamvillas.com\/sv\/favoriter\/\" \/>\n<meta property=\"og:site_name\" content=\"Marbella Dream Villas\" \/>\n<meta property=\"article:modified_time\" content=\"2026-01-17T19:16:45+00:00\" \/>\n<meta property=\"og:image\" content=\"https:\/\/marbelladreamvillas.com\/wp-content\/uploads\/2023\/05\/16-2.jpg\" \/>\n\t<meta property=\"og:image:width\" content=\"1920\" \/>\n\t<meta property=\"og:image:height\" content=\"1280\" \/>\n\t<meta property=\"og:image:type\" content=\"image\/jpeg\" \/>\n<meta name=\"twitter:card\" content=\"summary_large_image\" \/>\n<script type=\"application\/ld+json\" class=\"yoast-schema-graph\">{\"@context\":\"https:\/\/schema.org\",\"@graph\":[{\"@type\":\"WebPage\",\"@id\":\"https:\/\/marbelladreamvillas.com\/sv\/favoriter\/\",\"url\":\"https:\/\/marbelladreamvillas.com\/sv\/favoriter\/\",\"name\":\"Favoriter - Marbella Dream Villas\",\"isPartOf\":{\"@id\":\"https:\/\/marbelladreamvillas.com\/#website\"},\"datePublished\":\"2026-01-12T10:16:28+00:00\",\"dateModified\":\"2026-01-17T19:16:45+00:00\",\"breadcrumb\":{\"@id\":\"https:\/\/marbelladreamvillas.com\/sv\/favoriter\/#breadcrumb\"},\"inLanguage\":\"sv-SE\",\"potentialAction\":[{\"@type\":\"ReadAction\",\"target\":[\"https:\/\/marbelladreamvillas.com\/sv\/favoriter\/\"]}]},{\"@type\":\"BreadcrumbList\",\"@id\":\"https:\/\/marbelladreamvillas.com\/sv\/favoriter\/#breadcrumb\",\"itemListElement\":[{\"@type\":\"ListItem\",\"position\":1,\"name\":\"Home\",\"item\":\"https:\/\/marbelladreamvillas.com\/sv\/hem\/\"},{\"@type\":\"ListItem\",\"position\":2,\"name\":\"Favoriter\"}]},{\"@type\":\"WebSite\",\"@id\":\"https:\/\/marbelladreamvillas.com\/#website\",\"url\":\"https:\/\/marbelladreamvillas.com\/\",\"name\":\"Marbella Dream Villas\",\"description\":\"Luxury Villa Rentals Marbella\",\"publisher\":{\"@id\":\"https:\/\/marbelladreamvillas.com\/#organization\"},\"potentialAction\":[{\"@type\":\"SearchAction\",\"target\":{\"@type\":\"EntryPoint\",\"urlTemplate\":\"https:\/\/marbelladreamvillas.com\/?s={search_term_string}\"},\"query-input\":{\"@type\":\"PropertyValueSpecification\",\"valueRequired\":true,\"valueName\":\"search_term_string\"}}],\"inLanguage\":\"sv-SE\"},{\"@type\":\"Organization\",\"@id\":\"https:\/\/marbelladreamvillas.com\/#organization\",\"name\":\"Marbella Dream Villas\",\"url\":\"https:\/\/marbelladreamvillas.com\/\",\"logo\":{\"@type\":\"ImageObject\",\"inLanguage\":\"sv-SE\",\"@id\":\"https:\/\/marbelladreamvillas.com\/#\/schema\/logo\/image\/\",\"url\":\"https:\/\/marbelladreamvillas.com\/wp-content\/uploads\/2025\/02\/dv-logo.png\",\"contentUrl\":\"https:\/\/marbelladreamvillas.com\/wp-content\/uploads\/2025\/02\/dv-logo.png\",\"width\":400,\"height\":300,\"caption\":\"Marbella Dream Villas\"},\"image\":{\"@id\":\"https:\/\/marbelladreamvillas.com\/#\/schema\/logo\/image\/\"}}]}<\/script>\n<!-- \/ Yoast SEO plugin. -->","yoast_head_json":{"title":"Favoriter - Marbella Dream Villas","robots":{"index":"index","follow":"follow","max-snippet":"max-snippet:-1","max-image-preview":"max-image-preview:large","max-video-preview":"max-video-preview:-1"},"canonical":"https:\/\/marbelladreamvillas.com\/sv\/favoriter\/","og_locale":"sv_SE","og_type":"article","og_title":"Favoriter - Marbella Dream Villas","og_description":"Sparad samling Dina favoritvillor Granska de villor du har sparat och skicka Dream Villas en f\u00f6rfr\u00e5gan om tillg\u00e4nglighet, priser eller f\u00f6r att beg\u00e4ra en bokning eller visning.","og_url":"https:\/\/marbelladreamvillas.com\/sv\/favoriter\/","og_site_name":"Marbella Dream Villas","article_modified_time":"2026-01-17T19:16:45+00:00","og_image":[{"width":1920,"height":1280,"url":"https:\/\/marbelladreamvillas.com\/wp-content\/uploads\/2023\/05\/16-2.jpg","type":"image\/jpeg"}],"twitter_card":"summary_large_image","schema":{"@context":"https:\/\/schema.org","@graph":[{"@type":"WebPage","@id":"https:\/\/marbelladreamvillas.com\/sv\/favoriter\/","url":"https:\/\/marbelladreamvillas.com\/sv\/favoriter\/","name":"Favoriter - Marbella Dream Villas","isPartOf":{"@id":"https:\/\/marbelladreamvillas.com\/#website"},"datePublished":"2026-01-12T10:16:28+00:00","dateModified":"2026-01-17T19:16:45+00:00","breadcrumb":{"@id":"https:\/\/marbelladreamvillas.com\/sv\/favoriter\/#breadcrumb"},"inLanguage":"sv-SE","potentialAction":[{"@type":"ReadAction","target":["https:\/\/marbelladreamvillas.com\/sv\/favoriter\/"]}]},{"@type":"BreadcrumbList","@id":"https:\/\/marbelladreamvillas.com\/sv\/favoriter\/#breadcrumb","itemListElement":[{"@type":"ListItem","position":1,"name":"Home","item":"https:\/\/marbelladreamvillas.com\/sv\/hem\/"},{"@type":"ListItem","position":2,"name":"Favoriter"}]},{"@type":"WebSite","@id":"https:\/\/marbelladreamvillas.com\/#website","url":"https:\/\/marbelladreamvillas.com\/","name":"Marbella Dream Villas","description":"Luxury Villa Rentals Marbella","publisher":{"@id":"https:\/\/marbelladreamvillas.com\/#organization"},"potentialAction":[{"@type":"SearchAction","target":{"@type":"EntryPoint","urlTemplate":"https:\/\/marbelladreamvillas.com\/?s={search_term_string}"},"query-input":{"@type":"PropertyValueSpecification","valueRequired":true,"valueName":"search_term_string"}}],"inLanguage":"sv-SE"},{"@type":"Organization","@id":"https:\/\/marbelladreamvillas.com\/#organization","name":"Marbella Dream Villas","url":"https:\/\/marbelladreamvillas.com\/","logo":{"@type":"ImageObject","inLanguage":"sv-SE","@id":"https:\/\/marbelladreamvillas.com\/#\/schema\/logo\/image\/","url":"https:\/\/marbelladreamvillas.com\/wp-content\/uploads\/2025\/02\/dv-logo.png","contentUrl":"https:\/\/marbelladreamvillas.com\/wp-content\/uploads\/2025\/02\/dv-logo.png","width":400,"height":300,"caption":"Marbella Dream Villas"},"image":{"@id":"https:\/\/marbelladreamvillas.com\/#\/schema\/logo\/image\/"}}]}},"_links":{"self":[{"href":"https:\/\/marbelladreamvillas.com\/sv\/wp-json\/wp\/v2\/pages\/16939","targetHints":{"allow":["GET"]}}],"collection":[{"href":"https:\/\/marbelladreamvillas.com\/sv\/wp-json\/wp\/v2\/pages"}],"about":[{"href":"https:\/\/marbelladreamvillas.com\/sv\/wp-json\/wp\/v2\/types\/page"}],"author":[{"embeddable":true,"href":"https:\/\/marbelladreamvillas.com\/sv\/wp-json\/wp\/v2\/users\/1"}],"replies":[{"embeddable":true,"href":"https:\/\/marbelladreamvillas.com\/sv\/wp-json\/wp\/v2\/comments?post=16939"}],"version-history":[{"count":1,"href":"https:\/\/marbelladreamvillas.com\/sv\/wp-json\/wp\/v2\/pages\/16939\/revisions"}],"predecessor-version":[{"id":16940,"href":"https:\/\/marbelladreamvillas.com\/sv\/wp-json\/wp\/v2\/pages\/16939\/revisions\/16940"}],"wp:attachment":[{"href":"https:\/\/marbelladreamvillas.com\/sv\/wp-json\/wp\/v2\/media?parent=16939"}],"curies":[{"name":"wp","href":"https:\/\/api.w.org\/{rel}","templated":true}]}}