{"id":10962,"date":"2024-10-25T13:14:20","date_gmt":"2024-10-25T11:14:20","guid":{"rendered":"https:\/\/marbelladreamvillas.com\/lagenheter\/"},"modified":"2025-02-11T22:42:20","modified_gmt":"2025-02-11T21:42:20","slug":"lagenheter","status":"publish","type":"page","link":"https:\/\/marbelladreamvillas.com\/sv\/lagenheter\/","title":{"rendered":"L\u00e4genheter"},"content":{"rendered":"\t\t<div data-elementor-type=\"wp-page\" data-elementor-id=\"10962\" class=\"elementor elementor-10962 elementor-4456\">\n\t\t\t\t\t\t<section class=\"elementor-section elementor-top-section elementor-element elementor-element-2845602 elementor-section-height-min-height cs-section-content-fullwidth cs-parallax-on-scroll cs_scroll_y_80 elementor-section-boxed elementor-section-height-default elementor-section-items-middle\" data-id=\"2845602\" data-element_type=\"section\" data-e-type=\"section\" data-settings=\"{&quot;background_background&quot;:&quot;classic&quot;}\" data-cs-parallax-y=\"80\" style=\"background-image: none;\" data-cs-background-image=\"https:\/\/marbelladreamvillas.com\/wp-content\/uploads\/2024\/10\/marbella-apartments.jpg\">\n\t\t\t\t\t\t\t<div class=\"elementor-background-overlay\"><\/div>\n\t\t\t\t\t\t\t<div class=\"elementor-container elementor-column-gap-no\">\n\t\t\t\t\t<div class=\"elementor-column elementor-col-100 elementor-top-column elementor-element elementor-element-9f360c4 dark-color\" data-id=\"9f360c4\" data-element_type=\"column\" data-e-type=\"column\">\n\t\t\t<div class=\"elementor-widget-wrap elementor-element-populated\">\n\t\t\t\t\t\t<div class=\"elementor-element elementor-element-9f6dfe5 elementor-widget elementor-widget-cs_title\" data-id=\"9f6dfe5\" data-element_type=\"widget\" data-e-type=\"widget\" data-widget_type=\"cs_title.default\">\n\t\t\t\t<div class=\"elementor-widget-container\">\n\t\t\t\t\t\n        <div class=\"cs-title-wrap text-center\">\t            <div class=\"cs-subtitle-wrap\"><span class=\"cs-subtitle color-white\">V\u00e5ra boenden<\/span><\/div>\t            <h1 class=\"cs-title\">\n\t                L\u00e4genhet . Takv\u00e5ning . Radhus\t            <\/h1>\t            <div class=\"cs-title-text\">\n\t                <p>Tillbringa en exceptionell semester i paradiset.<\/p>\t            <\/div>        <\/div>\t\t\t\t<\/div>\n\t\t\t\t<\/div>\n\t\t\t\t\t<\/div>\n\t\t<\/div>\n\t\t\t\t\t<\/div>\n\t\t<\/section>\n\t\t\t\t<section class=\"elementor-section elementor-top-section elementor-element elementor-element-f990fe4 elementor-section-boxed elementor-section-height-default elementor-section-height-default\" data-id=\"f990fe4\" data-element_type=\"section\" data-e-type=\"section\">\n\t\t\t\t\t\t<div class=\"elementor-container elementor-column-gap-no\">\n\t\t\t\t\t<div class=\"elementor-column elementor-col-100 elementor-top-column elementor-element elementor-element-c8d208d\" data-id=\"c8d208d\" data-element_type=\"column\" data-e-type=\"column\">\n\t\t\t<div class=\"elementor-widget-wrap elementor-element-populated\">\n\t\t\t\t\t\t<div class=\"elementor-element elementor-element-666384a elementor-widget elementor-widget-cs_title\" data-id=\"666384a\" data-element_type=\"widget\" data-e-type=\"widget\" data-widget_type=\"cs_title.default\">\n\t\t\t\t<div class=\"elementor-widget-container\">\n\t\t\t\t\t\n        <div class=\"cs-title-wrap text-center\">\t            <div class=\"cs-subtitle-wrap\"><span class=\"cs-subtitle\">Starta din eleganta vistelse<\/span><\/div>\t            <h4 class=\"cs-title\">\n\t                Utforska v\u00e5ra f\u00f6rfinade boendealternativ och hitta det perfekta utrymmet f\u00f6r din vistelse.\t            <\/h4>\t            <div class=\"cs-title-text\">\n\t                <p>V\u00e5r samling erbjuder ett uts\u00f6kt utbud av l\u00e4genheter, takv\u00e5ningar och radhus tillsammans med ett brett utbud av faciliteter, tj\u00e4nster och aktiviteter f\u00f6r sina g\u00e4ster, allt utformat f\u00f6r att skapa en lugn och rofylld milj\u00f6.<\/p><p> <\/p>\t            <\/div>        <\/div>\t\t\t\t<\/div>\n\t\t\t\t<\/div>\n\t\t\t\t\t<\/div>\n\t\t<\/div>\n\t\t\t\t\t<\/div>\n\t\t<\/section>\n\t\t\t\t<\/div>\n\t\t","protected":false},"excerpt":{"rendered":"<p>V\u00e5ra boenden L\u00e4genhet . Takv\u00e5ning . Radhus Tillbringa en exceptionell semester i paradiset. Starta din eleganta vistelse Utforska v\u00e5ra f\u00f6rfinade boendealternativ och hitta det perfekta utrymmet f\u00f6r din vistelse. V\u00e5r samling erbjuder ett uts\u00f6kt utbud av l\u00e4genheter, takv\u00e5ningar och radhus tillsammans med ett brett utbud av faciliteter, tj\u00e4nster och aktiviteter f\u00f6r sina g\u00e4ster, allt utformat &#8230;<\/p>\n","protected":false},"author":1,"featured_media":0,"parent":0,"menu_order":0,"comment_status":"closed","ping_status":"closed","template":"template-fullwidth.php","meta":{"cozystay_single_page_hide_site_header":"","cozystay_single_page_site_header_source":"","cozystay_single_page_custom_site_header":"0","cozystay_single_page_custom_sticky_site_header":"0","cozystay_single_page_hide_page_title":"on","cozystay_single_page_header_section_size":"","cozystay_single_page_header_background_color":"","cozystay_single_page_header_background_position_x":"center","cozystay_single_page_header_background_position_y":"center","cozystay_single_page_header_background_size":"cover","cozystay_single_page_header_background_repeat":"off","cozystay_single_page_header_background_scroll":"on","cozystay_single_page_header_text_color":"","cozystay_single_page_header_show_breadcrumb":"","cozystay_single_page_site_footer_hide_main":"","cozystay_single_custom_site_footer_main_source":"","cozystay_single_custom_site_footer_main":"0","cozystay_single_page_site_footer_hide_above":"","cozystay_single_custom_site_footer_above_source":"","cozystay_single_custom_site_footer_above":"0","cozystay_single_page_site_footer_hide_instagram":"","cozystay_single_page_site_footer_hide_bottom":"","cozystay_single_custom_mobile_menu_source":"","cozystay_single_custom_mobile_menu":"0","cozystay_single_custom_mobile_menu_animation":"","cozystay_single_custom_mobile_menu_width":"","cozystay_single_custom_mobile_menu_custom_width":375,"_joinchat":[],"footnotes":""},"class_list":["post-10962","page","type-page","status-publish","hentry"],"yoast_head":"<!-- This site is optimized with the Yoast SEO plugin v27.2 - https:\/\/yoast.com\/product\/yoast-seo-wordpress\/ -->\n<title>L\u00e4genheter - Marbella Dream Villas<\/title>\n<meta name=\"robots\" content=\"index, follow, max-snippet:-1, max-image-preview:large, max-video-preview:-1\" \/>\n<link rel=\"canonical\" href=\"https:\/\/marbelladreamvillas.com\/sv\/lagenheter\/\" \/>\n<meta property=\"og:locale\" content=\"sv_SE\" \/>\n<meta property=\"og:type\" content=\"article\" \/>\n<meta property=\"og:title\" content=\"L\u00e4genheter - Marbella Dream Villas\" \/>\n<meta property=\"og:description\" content=\"V\u00e5ra boenden L\u00e4genhet . Takv\u00e5ning . Radhus Tillbringa en exceptionell semester i paradiset. Starta din eleganta vistelse Utforska v\u00e5ra f\u00f6rfinade boendealternativ och hitta det perfekta utrymmet f\u00f6r din vistelse. V\u00e5r samling erbjuder ett uts\u00f6kt utbud av l\u00e4genheter, takv\u00e5ningar och radhus tillsammans med ett brett utbud av faciliteter, tj\u00e4nster och aktiviteter f\u00f6r sina g\u00e4ster, allt utformat ...\" \/>\n<meta property=\"og:url\" content=\"https:\/\/marbelladreamvillas.com\/sv\/lagenheter\/\" \/>\n<meta property=\"og:site_name\" content=\"Marbella Dream Villas\" \/>\n<meta property=\"article:modified_time\" content=\"2025-02-11T21:42:20+00:00\" \/>\n<meta property=\"og:image\" content=\"https:\/\/marbelladreamvillas.com\/wp-content\/uploads\/2024\/11\/104527-272467-FCPyKdtAZaLElCvg4v1JQDkrEd2yUrPLI5clX89Fa-Y-6645db4812981-780x521.jpeg\" \/>\n<meta name=\"twitter:card\" content=\"summary_large_image\" \/>\n<meta name=\"twitter:label1\" content=\"Ber\u00e4knad l\u00e4stid\" \/>\n\t<meta name=\"twitter:data1\" content=\"5 minuter\" \/>\n<script type=\"application\/ld+json\" class=\"yoast-schema-graph\">{\"@context\":\"https:\/\/schema.org\",\"@graph\":[{\"@type\":\"WebPage\",\"@id\":\"https:\/\/marbelladreamvillas.com\/sv\/lagenheter\/\",\"url\":\"https:\/\/marbelladreamvillas.com\/sv\/lagenheter\/\",\"name\":\"L\u00e4genheter - Marbella Dream Villas\",\"isPartOf\":{\"@id\":\"https:\/\/marbelladreamvillas.com\/#website\"},\"primaryImageOfPage\":{\"@id\":\"https:\/\/marbelladreamvillas.com\/sv\/lagenheter\/#primaryimage\"},\"image\":{\"@id\":\"https:\/\/marbelladreamvillas.com\/sv\/lagenheter\/#primaryimage\"},\"thumbnailUrl\":\"https:\/\/marbelladreamvillas.com\/wp-content\/uploads\/2024\/11\/104527-272467-FCPyKdtAZaLElCvg4v1JQDkrEd2yUrPLI5clX89Fa-Y-6645db4812981-780x521.jpeg\",\"datePublished\":\"2024-10-25T11:14:20+00:00\",\"dateModified\":\"2025-02-11T21:42:20+00:00\",\"breadcrumb\":{\"@id\":\"https:\/\/marbelladreamvillas.com\/sv\/lagenheter\/#breadcrumb\"},\"inLanguage\":\"sv-SE\",\"potentialAction\":[{\"@type\":\"ReadAction\",\"target\":[\"https:\/\/marbelladreamvillas.com\/sv\/lagenheter\/\"]}]},{\"@type\":\"ImageObject\",\"inLanguage\":\"sv-SE\",\"@id\":\"https:\/\/marbelladreamvillas.com\/sv\/lagenheter\/#primaryimage\",\"url\":\"https:\/\/marbelladreamvillas.com\/wp-content\/uploads\/2024\/11\/104527-272467-FCPyKdtAZaLElCvg4v1JQDkrEd2yUrPLI5clX89Fa-Y-6645db4812981-780x521.jpeg\",\"contentUrl\":\"https:\/\/marbelladreamvillas.com\/wp-content\/uploads\/2024\/11\/104527-272467-FCPyKdtAZaLElCvg4v1JQDkrEd2yUrPLI5clX89Fa-Y-6645db4812981-780x521.jpeg\"},{\"@type\":\"BreadcrumbList\",\"@id\":\"https:\/\/marbelladreamvillas.com\/sv\/lagenheter\/#breadcrumb\",\"itemListElement\":[{\"@type\":\"ListItem\",\"position\":1,\"name\":\"Home\",\"item\":\"https:\/\/marbelladreamvillas.com\/sv\/hem\/\"},{\"@type\":\"ListItem\",\"position\":2,\"name\":\"L\u00e4genheter\"}]},{\"@type\":\"WebSite\",\"@id\":\"https:\/\/marbelladreamvillas.com\/#website\",\"url\":\"https:\/\/marbelladreamvillas.com\/\",\"name\":\"Marbella Dream Villas\",\"description\":\"Luxury Villa Rentals Marbella\",\"publisher\":{\"@id\":\"https:\/\/marbelladreamvillas.com\/#organization\"},\"potentialAction\":[{\"@type\":\"SearchAction\",\"target\":{\"@type\":\"EntryPoint\",\"urlTemplate\":\"https:\/\/marbelladreamvillas.com\/?s={search_term_string}\"},\"query-input\":{\"@type\":\"PropertyValueSpecification\",\"valueRequired\":true,\"valueName\":\"search_term_string\"}}],\"inLanguage\":\"sv-SE\"},{\"@type\":\"Organization\",\"@id\":\"https:\/\/marbelladreamvillas.com\/#organization\",\"name\":\"Marbella Dream Villas\",\"url\":\"https:\/\/marbelladreamvillas.com\/\",\"logo\":{\"@type\":\"ImageObject\",\"inLanguage\":\"sv-SE\",\"@id\":\"https:\/\/marbelladreamvillas.com\/#\/schema\/logo\/image\/\",\"url\":\"https:\/\/marbelladreamvillas.com\/wp-content\/uploads\/2025\/02\/dv-logo.png\",\"contentUrl\":\"https:\/\/marbelladreamvillas.com\/wp-content\/uploads\/2025\/02\/dv-logo.png\",\"width\":400,\"height\":300,\"caption\":\"Marbella Dream Villas\"},\"image\":{\"@id\":\"https:\/\/marbelladreamvillas.com\/#\/schema\/logo\/image\/\"}}]}<\/script>\n<!-- \/ Yoast SEO plugin. -->","yoast_head_json":{"title":"L\u00e4genheter - Marbella Dream Villas","robots":{"index":"index","follow":"follow","max-snippet":"max-snippet:-1","max-image-preview":"max-image-preview:large","max-video-preview":"max-video-preview:-1"},"canonical":"https:\/\/marbelladreamvillas.com\/sv\/lagenheter\/","og_locale":"sv_SE","og_type":"article","og_title":"L\u00e4genheter - Marbella Dream Villas","og_description":"V\u00e5ra boenden L\u00e4genhet . Takv\u00e5ning . Radhus Tillbringa en exceptionell semester i paradiset. Starta din eleganta vistelse Utforska v\u00e5ra f\u00f6rfinade boendealternativ och hitta det perfekta utrymmet f\u00f6r din vistelse. V\u00e5r samling erbjuder ett uts\u00f6kt utbud av l\u00e4genheter, takv\u00e5ningar och radhus tillsammans med ett brett utbud av faciliteter, tj\u00e4nster och aktiviteter f\u00f6r sina g\u00e4ster, allt utformat ...","og_url":"https:\/\/marbelladreamvillas.com\/sv\/lagenheter\/","og_site_name":"Marbella Dream Villas","article_modified_time":"2025-02-11T21:42:20+00:00","og_image":[{"url":"https:\/\/marbelladreamvillas.com\/wp-content\/uploads\/2024\/11\/104527-272467-FCPyKdtAZaLElCvg4v1JQDkrEd2yUrPLI5clX89Fa-Y-6645db4812981-780x521.jpeg","type":"","width":"","height":""}],"twitter_card":"summary_large_image","twitter_misc":{"Ber\u00e4knad l\u00e4stid":"5 minuter"},"schema":{"@context":"https:\/\/schema.org","@graph":[{"@type":"WebPage","@id":"https:\/\/marbelladreamvillas.com\/sv\/lagenheter\/","url":"https:\/\/marbelladreamvillas.com\/sv\/lagenheter\/","name":"L\u00e4genheter - Marbella Dream Villas","isPartOf":{"@id":"https:\/\/marbelladreamvillas.com\/#website"},"primaryImageOfPage":{"@id":"https:\/\/marbelladreamvillas.com\/sv\/lagenheter\/#primaryimage"},"image":{"@id":"https:\/\/marbelladreamvillas.com\/sv\/lagenheter\/#primaryimage"},"thumbnailUrl":"https:\/\/marbelladreamvillas.com\/wp-content\/uploads\/2024\/11\/104527-272467-FCPyKdtAZaLElCvg4v1JQDkrEd2yUrPLI5clX89Fa-Y-6645db4812981-780x521.jpeg","datePublished":"2024-10-25T11:14:20+00:00","dateModified":"2025-02-11T21:42:20+00:00","breadcrumb":{"@id":"https:\/\/marbelladreamvillas.com\/sv\/lagenheter\/#breadcrumb"},"inLanguage":"sv-SE","potentialAction":[{"@type":"ReadAction","target":["https:\/\/marbelladreamvillas.com\/sv\/lagenheter\/"]}]},{"@type":"ImageObject","inLanguage":"sv-SE","@id":"https:\/\/marbelladreamvillas.com\/sv\/lagenheter\/#primaryimage","url":"https:\/\/marbelladreamvillas.com\/wp-content\/uploads\/2024\/11\/104527-272467-FCPyKdtAZaLElCvg4v1JQDkrEd2yUrPLI5clX89Fa-Y-6645db4812981-780x521.jpeg","contentUrl":"https:\/\/marbelladreamvillas.com\/wp-content\/uploads\/2024\/11\/104527-272467-FCPyKdtAZaLElCvg4v1JQDkrEd2yUrPLI5clX89Fa-Y-6645db4812981-780x521.jpeg"},{"@type":"BreadcrumbList","@id":"https:\/\/marbelladreamvillas.com\/sv\/lagenheter\/#breadcrumb","itemListElement":[{"@type":"ListItem","position":1,"name":"Home","item":"https:\/\/marbelladreamvillas.com\/sv\/hem\/"},{"@type":"ListItem","position":2,"name":"L\u00e4genheter"}]},{"@type":"WebSite","@id":"https:\/\/marbelladreamvillas.com\/#website","url":"https:\/\/marbelladreamvillas.com\/","name":"Marbella Dream Villas","description":"Luxury Villa Rentals Marbella","publisher":{"@id":"https:\/\/marbelladreamvillas.com\/#organization"},"potentialAction":[{"@type":"SearchAction","target":{"@type":"EntryPoint","urlTemplate":"https:\/\/marbelladreamvillas.com\/?s={search_term_string}"},"query-input":{"@type":"PropertyValueSpecification","valueRequired":true,"valueName":"search_term_string"}}],"inLanguage":"sv-SE"},{"@type":"Organization","@id":"https:\/\/marbelladreamvillas.com\/#organization","name":"Marbella Dream Villas","url":"https:\/\/marbelladreamvillas.com\/","logo":{"@type":"ImageObject","inLanguage":"sv-SE","@id":"https:\/\/marbelladreamvillas.com\/#\/schema\/logo\/image\/","url":"https:\/\/marbelladreamvillas.com\/wp-content\/uploads\/2025\/02\/dv-logo.png","contentUrl":"https:\/\/marbelladreamvillas.com\/wp-content\/uploads\/2025\/02\/dv-logo.png","width":400,"height":300,"caption":"Marbella Dream Villas"},"image":{"@id":"https:\/\/marbelladreamvillas.com\/#\/schema\/logo\/image\/"}}]}},"_links":{"self":[{"href":"https:\/\/marbelladreamvillas.com\/sv\/wp-json\/wp\/v2\/pages\/10962","targetHints":{"allow":["GET"]}}],"collection":[{"href":"https:\/\/marbelladreamvillas.com\/sv\/wp-json\/wp\/v2\/pages"}],"about":[{"href":"https:\/\/marbelladreamvillas.com\/sv\/wp-json\/wp\/v2\/types\/page"}],"author":[{"embeddable":true,"href":"https:\/\/marbelladreamvillas.com\/sv\/wp-json\/wp\/v2\/users\/1"}],"replies":[{"embeddable":true,"href":"https:\/\/marbelladreamvillas.com\/sv\/wp-json\/wp\/v2\/comments?post=10962"}],"version-history":[{"count":2,"href":"https:\/\/marbelladreamvillas.com\/sv\/wp-json\/wp\/v2\/pages\/10962\/revisions"}],"predecessor-version":[{"id":11024,"href":"https:\/\/marbelladreamvillas.com\/sv\/wp-json\/wp\/v2\/pages\/10962\/revisions\/11024"}],"wp:attachment":[{"href":"https:\/\/marbelladreamvillas.com\/sv\/wp-json\/wp\/v2\/media?parent=10962"}],"curies":[{"name":"wp","href":"https:\/\/api.w.org\/{rel}","templated":true}]}}