{"id":10974,"date":"2023-03-18T07:10:54","date_gmt":"2023-03-18T06:10:54","guid":{"rendered":"https:\/\/marbelladreamvillas.com\/ponte-en-contacto-con\/"},"modified":"2025-11-19T12:49:40","modified_gmt":"2025-11-19T11:49:40","slug":"contacto","status":"publish","type":"page","link":"https:\/\/marbelladreamvillas.com\/es\/contacto\/","title":{"rendered":"Ponte en contacto con"},"content":{"rendered":"\t\t<div data-elementor-type=\"wp-page\" data-elementor-id=\"10974\" class=\"elementor elementor-10974 elementor-697\">\n\t\t\t\t\t\t<section class=\"elementor-section elementor-top-section elementor-element elementor-element-ca1656d elementor-section-height-min-height cs-section-content-fullwidth cs-parallax-on-scroll cs_scroll_y_100 elementor-section-boxed elementor-section-height-default elementor-section-items-middle\" data-id=\"ca1656d\" data-element_type=\"section\" data-e-type=\"section\" data-settings=\"{&quot;background_background&quot;:&quot;classic&quot;}\" data-cs-parallax-y=\"100\" style=\"background-image: none;\" data-cs-background-image=\"https:\/\/marbelladreamvillas.com\/wp-content\/uploads\/2024\/07\/img-74-3.jpg\">\n\t\t\t\t\t\t\t<div class=\"elementor-background-overlay\"><\/div>\n\t\t\t\t\t\t\t<div class=\"elementor-container elementor-column-gap-no\">\n\t\t\t\t\t<div class=\"elementor-column elementor-col-100 elementor-top-column elementor-element elementor-element-6b2c1df dark-color\" data-id=\"6b2c1df\" data-element_type=\"column\" data-e-type=\"column\">\n\t\t\t<div class=\"elementor-widget-wrap elementor-element-populated\">\n\t\t\t\t\t\t<div class=\"elementor-element elementor-element-ed3f97e elementor-widget elementor-widget-cs_title\" data-id=\"ed3f97e\" data-element_type=\"widget\" data-e-type=\"widget\" data-widget_type=\"cs_title.default\">\n\t\t\t\t<div class=\"elementor-widget-container\">\n\t\t\t\t\t\n        <div class=\"cs-title-wrap text-center\">\t            <div class=\"cs-subtitle-wrap\"><span class=\"cs-subtitle color-white\">Conecta con nosotros<\/span><\/div>\t            <h1 class=\"cs-title\">\n\t                Contacta con nosotros\t            <\/h1>\t            <div class=\"cs-title-text\">\n\t                <p>Para reservas y consultas, ll\u00e1manos o escr\u00edbenos.<\/p>\t            <\/div>        <\/div>\t\t\t\t<\/div>\n\t\t\t\t<\/div>\n\t\t\t\t\t<\/div>\n\t\t<\/div>\n\t\t\t\t\t<\/div>\n\t\t<\/section>\n\t\t\t\t<section class=\"elementor-section elementor-top-section elementor-element elementor-element-ac9ba41 elementor-section-full_width elementor-section-content-middle elementor-section-height-default elementor-section-height-default\" data-id=\"ac9ba41\" data-element_type=\"section\" data-e-type=\"section\">\n\t\t\t\t\t\t<div class=\"elementor-container elementor-column-gap-no\">\n\t\t\t\t\t<div class=\"elementor-column elementor-col-50 elementor-top-column elementor-element elementor-element-a9f3bc2\" data-id=\"a9f3bc2\" data-element_type=\"column\" data-e-type=\"column\">\n\t\t\t<div class=\"elementor-widget-wrap elementor-element-populated\">\n\t\t\t\t\t\t<div class=\"elementor-element elementor-element-d6a0979 elementor-widget elementor-widget-cs_title\" data-id=\"d6a0979\" data-element_type=\"widget\" data-e-type=\"widget\" data-widget_type=\"cs_title.default\">\n\t\t\t\t<div class=\"elementor-widget-container\">\n\t\t\t\t\t\n        <div class=\"cs-title-wrap\">\t            <div class=\"cs-subtitle-wrap\"><span class=\"cs-subtitle\">Informaci\u00f3n de contacto<\/span><\/div>\t            <h5 class=\"cs-title\">\n\t                Villas de ensue\u00f1o en Marbella\t            <\/h5>\t            <div class=\"cs-title-text\">\n\t                <p>Antonio el Bailar\u00edn 13, Marbella<\/p><p><strong style=\"font-size: inherit; color: var(--content-color); background-color: var(--bg-color); font-family: var(--body-font);\">N\u00famero de tel\u00e9fono:<\/strong> <a style=\"font-size: inherit; font-family: var(--body-font);\" href=\"tel:+34695413409\">+34 695 413 409<\/a><br><strong style=\"font-size: inherit; color: var(--content-color); background-color: var(--bg-color); font-family: var(--body-font);\">Correo electr\u00f3nico: <\/strong>info@marbelladreamvillas.com<\/p>\t            <\/div>        <\/div>\t\t\t\t<\/div>\n\t\t\t\t<\/div>\n\t\t\t\t<div class=\"elementor-element elementor-element-27ae3a6 elementor-widget-divider--view-line elementor-widget elementor-widget-divider\" data-id=\"27ae3a6\" data-element_type=\"widget\" data-e-type=\"widget\" data-widget_type=\"divider.default\">\n\t\t\t\t<div class=\"elementor-widget-container\">\n\t\t\t\t\t\t\t<div class=\"elementor-divider\">\n\t\t\t<span class=\"elementor-divider-separator\">\n\t\t\t\t\t\t<\/span>\n\t\t<\/div>\n\t\t\t\t\t\t<\/div>\n\t\t\t\t<\/div>\n\t\t\t\t<section class=\"elementor-section elementor-inner-section elementor-element elementor-element-06aaef6 elementor-section-boxed elementor-section-height-default elementor-section-height-default\" data-id=\"06aaef6\" data-element_type=\"section\" data-e-type=\"section\">\n\t\t\t\t\t\t<div class=\"elementor-container elementor-column-gap-no\">\n\t\t\t\t\t<div class=\"elementor-column elementor-col-50 elementor-inner-column elementor-element elementor-element-c6d447a\" data-id=\"c6d447a\" data-element_type=\"column\" data-e-type=\"column\">\n\t\t\t<div class=\"elementor-widget-wrap elementor-element-populated\">\n\t\t\t\t\t\t<div class=\"elementor-element elementor-element-a679ad2 elementor-widget elementor-widget-cs_title\" data-id=\"a679ad2\" data-element_type=\"widget\" data-e-type=\"widget\" data-widget_type=\"cs_title.default\">\n\t\t\t\t<div class=\"elementor-widget-container\">\n\t\t\t\t\t\n        <div class=\"cs-title-wrap\">\t            <h6 class=\"cs-title\">\n\t                Alojamiento\t            <\/h6>\t            <div class=\"cs-title-text\">\n\t                <p>Consultas y reservas<br>Tel\u00e9fono: <a href=\"tel:+34695413409\">+34 695 413 409<\/a><br>Correo electr\u00f3nico: Ponte en contacto con nosotros a trav\u00e9s del formulario<\/p>\t            <\/div>        <\/div>\t\t\t\t<\/div>\n\t\t\t\t<\/div>\n\t\t\t\t<div class=\"elementor-element elementor-element-f74227d elementor-widget elementor-widget-cs_title\" data-id=\"f74227d\" data-element_type=\"widget\" data-e-type=\"widget\" data-widget_type=\"cs_title.default\">\n\t\t\t\t<div class=\"elementor-widget-container\">\n\t\t\t\t\t\n        <div class=\"cs-title-wrap\">\t            <h6 class=\"cs-title\">\n\t                Servicio de conserjer\u00eda\t            <\/h6>\t            <div class=\"cs-title-text\">\n\t                <p>Consultas y reservas<br>Tel\u00e9fono: <a href=\"tel:+34635443530\">+34 635 443 530<\/a><br>Correo electr\u00f3nico: Ponte en contacto con nosotros a trav\u00e9s del formulario<\/p>\t            <\/div>        <\/div>\t\t\t\t<\/div>\n\t\t\t\t<\/div>\n\t\t\t\t\t<\/div>\n\t\t<\/div>\n\t\t\t\t<div class=\"elementor-column elementor-col-50 elementor-inner-column elementor-element elementor-element-2c337b6\" data-id=\"2c337b6\" data-element_type=\"column\" data-e-type=\"column\">\n\t\t\t<div class=\"elementor-widget-wrap elementor-element-populated\">\n\t\t\t\t\t\t<div class=\"elementor-element elementor-element-4703206 elementor-widget elementor-widget-cs_title\" data-id=\"4703206\" data-element_type=\"widget\" data-e-type=\"widget\" data-widget_type=\"cs_title.default\">\n\t\t\t\t<div class=\"elementor-widget-container\">\n\t\t\t\t\t\n        <div class=\"cs-title-wrap\">\t            <h6 class=\"cs-title\">\n\t                Chef privado\t            <\/h6>\t            <div class=\"cs-title-text\">\n\t                <p>Consultas y reservas<br>Tel\u00e9fono: <a href=\"tel:+34635443530\">+34 635 443 530<\/a><br>Correo electr\u00f3nico: Ponte en contacto con nosotros a trav\u00e9s del formulario<\/p>\t            <\/div>        <\/div>\t\t\t\t<\/div>\n\t\t\t\t<\/div>\n\t\t\t\t<div class=\"elementor-element elementor-element-a5b0845 elementor-widget elementor-widget-cs_title\" data-id=\"a5b0845\" data-element_type=\"widget\" data-e-type=\"widget\" data-widget_type=\"cs_title.default\">\n\t\t\t\t<div class=\"elementor-widget-container\">\n\t\t\t\t\t\n        <div class=\"cs-title-wrap\">\t            <h6 class=\"cs-title\">\n\t                Banquetes y Eventos\t            <\/h6>\t            <div class=\"cs-title-text\">\n\t                <p>Consultas y reservas<br>Tel\u00e9fono: <a href=\"tel:+34695413409\">+34 695 413 409<\/a><br>Correo electr\u00f3nico: Ponte en contacto con nosotros a trav\u00e9s del formulario<\/p>\t            <\/div>        <\/div>\t\t\t\t<\/div>\n\t\t\t\t<\/div>\n\t\t\t\t\t<\/div>\n\t\t<\/div>\n\t\t\t\t\t<\/div>\n\t\t<\/section>\n\t\t\t\t\t<\/div>\n\t\t<\/div>\n\t\t\t\t<div class=\"elementor-column elementor-col-50 elementor-top-column elementor-element elementor-element-a630739\" data-id=\"a630739\" data-element_type=\"column\" data-e-type=\"column\" data-settings=\"{&quot;background_background&quot;:&quot;classic&quot;}\">\n\t\t\t<div class=\"elementor-widget-wrap elementor-element-populated\">\n\t\t\t\t\t\t<section class=\"elementor-section elementor-inner-section elementor-element elementor-element-1165b93 elementor-section-boxed elementor-section-height-default elementor-section-height-default\" data-id=\"1165b93\" data-element_type=\"section\" data-e-type=\"section\" data-settings=\"{&quot;background_background&quot;:&quot;classic&quot;}\">\n\t\t\t\t\t\t<div class=\"elementor-container elementor-column-gap-no\">\n\t\t\t\t\t<div class=\"elementor-column elementor-col-100 elementor-inner-column elementor-element elementor-element-c8421f3\" data-id=\"c8421f3\" data-element_type=\"column\" data-e-type=\"column\">\n\t\t\t<div class=\"elementor-widget-wrap elementor-element-populated\">\n\t\t\t\t\t\t<div class=\"elementor-element elementor-element-ee636a2 elementor-widget elementor-widget-cs_title\" data-id=\"ee636a2\" data-element_type=\"widget\" data-e-type=\"widget\" data-widget_type=\"cs_title.default\">\n\t\t\t\t<div class=\"elementor-widget-container\">\n\t\t\t\t\t\n        <div class=\"cs-title-wrap text-center\">\t            <div class=\"cs-subtitle-wrap\"><span class=\"cs-subtitle\">Formulario de contacto<\/span><\/div>\t            <h5 class=\"cs-title\">\n\t                Iniciemos una conversaci\u00f3n\t            <\/h5>        <\/div>\t\t\t\t<\/div>\n\t\t\t\t<\/div>\n\t\t\t\t<div class=\"elementor-element elementor-element-d1eca60 elementor-widget elementor-widget-cs_form_cf7\" data-id=\"d1eca60\" data-element_type=\"widget\" data-e-type=\"widget\" data-widget_type=\"cs_form_cf7.default\">\n\t\t\t\t<div class=\"elementor-widget-container\">\n\t\t\t\t\t            <div class=\"cs-form-cf7 placeholder-normal\">\n                <div class=\"cs-form-cf7-wrap\">\n<div class=\"wpcf7 no-js\" id=\"wpcf7-f8-o1\" lang=\"en-GB\" dir=\"ltr\" data-wpcf7-id=\"8\">\n<div class=\"screen-reader-response\"><p role=\"status\" aria-live=\"polite\" aria-atomic=\"true\"><\/p> <ul><\/ul><\/div>\n<form action=\"\/es\/wp-json\/wp\/v2\/pages\/10974#wpcf7-f8-o1\" method=\"post\" class=\"wpcf7-form init\" aria-label=\"Contact form\" novalidate=\"novalidate\" data-status=\"init\">\n<fieldset class=\"hidden-fields-container\"><input type=\"hidden\" name=\"_wpcf7\" value=\"8\" \/><input type=\"hidden\" name=\"_wpcf7_version\" value=\"6.1.5\" \/><input type=\"hidden\" name=\"_wpcf7_locale\" value=\"en_GB\" \/><input type=\"hidden\" name=\"_wpcf7_unit_tag\" value=\"wpcf7-f8-o1\" \/><input type=\"hidden\" name=\"_wpcf7_container_post\" value=\"0\" \/><input type=\"hidden\" name=\"_wpcf7_posted_data_hash\" value=\"\" \/>\n<\/fieldset>\n<p><label> Your name<br \/>\n<span class=\"wpcf7-form-control-wrap\" data-name=\"your-name\"><input size=\"40\" maxlength=\"400\" class=\"wpcf7-form-control wpcf7-text wpcf7-validates-as-required\" autocomplete=\"name\" aria-required=\"true\" aria-invalid=\"false\" value=\"\" type=\"text\" name=\"your-name\" \/><\/span> <\/label>\n<\/p>\n<p><label> Your email<br \/>\n<span class=\"wpcf7-form-control-wrap\" data-name=\"your-email\"><input size=\"40\" maxlength=\"400\" class=\"wpcf7-form-control wpcf7-email wpcf7-validates-as-required wpcf7-text wpcf7-validates-as-email\" autocomplete=\"email\" aria-required=\"true\" aria-invalid=\"false\" value=\"\" type=\"email\" name=\"your-email\" \/><\/span> <\/label>\n<\/p>\n<p><label> What is your enquiry about?<br \/>\n<span class=\"wpcf7-form-control-wrap\" data-name=\"select-907\"><select class=\"wpcf7-form-control wpcf7-select wpcf7-validates-as-required\" aria-required=\"true\" aria-invalid=\"false\" name=\"select-907\"><option value=\"\">Please select<\/option><option value=\"Other enquiry\">Other enquiry<\/option><option value=\"Rental enquiry\">Rental enquiry<\/option><option value=\"Concierge service\">Concierge service<\/option><\/select><\/span> <\/label>\n<\/p>\n<p><label> Subject<br \/>\n<span class=\"wpcf7-form-control-wrap\" data-name=\"your-subject\"><input size=\"40\" maxlength=\"400\" class=\"wpcf7-form-control wpcf7-text wpcf7-validates-as-required\" aria-required=\"true\" aria-invalid=\"false\" value=\"\" type=\"text\" name=\"your-subject\" \/><\/span> <\/label>\n<\/p>\n<p><label> Your message<br \/>\n<span class=\"wpcf7-form-control-wrap\" data-name=\"your-message\"><textarea cols=\"40\" rows=\"10\" maxlength=\"2000\" class=\"wpcf7-form-control wpcf7-textarea\" aria-invalid=\"false\" name=\"your-message\"><\/textarea><\/span> <\/label>\n<\/p>\n<p><input class=\"wpcf7-form-control wpcf7-submit has-spinner\" type=\"submit\" value=\"Submit\" \/>\n<\/p><p style=\"display: none !important;\" class=\"akismet-fields-container\" data-prefix=\"_wpcf7_ak_\"><label>&#916;<textarea name=\"_wpcf7_ak_hp_textarea\" cols=\"45\" rows=\"8\" maxlength=\"100\"><\/textarea><\/label><input type=\"hidden\" id=\"ak_js_1\" name=\"_wpcf7_ak_js\" value=\"194\"\/><script>document.getElementById( \"ak_js_1\" ).setAttribute( \"value\", ( new Date() ).getTime() );<\/script><\/p><div class=\"wpcf7-response-output\" aria-hidden=\"true\"><\/div>\n<\/form>\n<\/div>\n<\/div>\n            <\/div>\t\t\t\t<\/div>\n\t\t\t\t<\/div>\n\t\t\t\t\t<\/div>\n\t\t<\/div>\n\t\t\t\t\t<\/div>\n\t\t<\/section>\n\t\t\t\t\t<\/div>\n\t\t<\/div>\n\t\t\t\t\t<\/div>\n\t\t<\/section>\n\t\t\t\t<\/div>\n\t\t","protected":false},"excerpt":{"rendered":"<p>Conecta con nosotros Contacta con nosotros Para reservas y consultas, ll\u00e1manos o escr\u00edbenos. Informaci\u00f3n de contacto Villas de ensue\u00f1o en Marbella Antonio el Bailar\u00edn 13, Marbella N\u00famero de tel\u00e9fono: +34 695 413 409Correo electr\u00f3nico: info@marbelladreamvillas.com Alojamiento Consultas y reservasTel\u00e9fono: +34 695 413 409Correo electr\u00f3nico: Ponte en contacto con nosotros a trav\u00e9s del formulario Servicio de &#8230;<\/p>\n","protected":false},"author":1,"featured_media":0,"parent":0,"menu_order":0,"comment_status":"closed","ping_status":"closed","template":"template-wide-content.php","meta":{"cozystay_single_page_hide_site_header":"","cozystay_single_page_site_header_source":"","cozystay_single_page_custom_site_header":"0","cozystay_single_page_custom_sticky_site_header":"0","cozystay_single_page_hide_page_title":"on","cozystay_single_page_header_section_size":"","cozystay_single_page_header_background_color":"","cozystay_single_page_header_background_position_x":"center","cozystay_single_page_header_background_position_y":"center","cozystay_single_page_header_background_size":"cover","cozystay_single_page_header_background_repeat":"off","cozystay_single_page_header_background_scroll":"on","cozystay_single_page_header_text_color":"","cozystay_single_page_header_show_breadcrumb":"","cozystay_single_page_site_footer_hide_main":"","cozystay_single_custom_site_footer_main_source":"","cozystay_single_custom_site_footer_main":"0","cozystay_single_page_site_footer_hide_above":"","cozystay_single_custom_site_footer_above_source":"","cozystay_single_custom_site_footer_above":"0","cozystay_single_page_site_footer_hide_instagram":"","cozystay_single_page_site_footer_hide_bottom":"","cozystay_single_custom_mobile_menu_source":"","cozystay_single_custom_mobile_menu":"0","cozystay_single_custom_mobile_menu_animation":"","cozystay_single_custom_mobile_menu_width":"","cozystay_single_custom_mobile_menu_custom_width":375,"_joinchat":[],"footnotes":""},"class_list":["post-10974","page","type-page","status-publish","hentry"],"yoast_head":"<!-- This site is optimized with the Yoast SEO plugin v27.2 - https:\/\/yoast.com\/product\/yoast-seo-wordpress\/ -->\n<title>Contacta con Marbella Dream Villas: Busca una villa de lujo en Marbella<\/title>\n<meta name=\"description\" content=\"Ponte en contacto con Marbella Dream Villas para todas tus consultas sobre alquileres vacacionales de lujo. Nuestro equipo especializado est\u00e1 aqu\u00ed para ayudarte\" \/>\n<meta name=\"robots\" content=\"index, follow, max-snippet:-1, max-image-preview:large, max-video-preview:-1\" \/>\n<link rel=\"canonical\" href=\"https:\/\/marbelladreamvillas.com\/es\/contacto\/\" \/>\n<meta property=\"og:locale\" content=\"es_ES\" \/>\n<meta property=\"og:type\" content=\"article\" \/>\n<meta property=\"og:title\" content=\"Contacta con Marbella Dream Villas: Busca una villa de lujo en Marbella\" \/>\n<meta property=\"og:description\" content=\"Ponte en contacto con Marbella Dream Villas para todas tus consultas sobre alquileres vacacionales de lujo. Nuestro equipo especializado est\u00e1 aqu\u00ed para ayudarte\" \/>\n<meta property=\"og:url\" content=\"https:\/\/marbelladreamvillas.com\/es\/contacto\/\" \/>\n<meta property=\"og:site_name\" content=\"Marbella Dream Villas\" \/>\n<meta property=\"article:modified_time\" content=\"2025-11-19T11:49:40+00:00\" \/>\n<meta property=\"og:image\" content=\"https:\/\/marbelladreamvillas.com\/wp-content\/uploads\/2023\/05\/16-2.jpg\" \/>\n\t<meta property=\"og:image:width\" content=\"1920\" \/>\n\t<meta property=\"og:image:height\" content=\"1280\" \/>\n\t<meta property=\"og:image:type\" content=\"image\/jpeg\" \/>\n<meta name=\"twitter:card\" content=\"summary_large_image\" \/>\n<meta name=\"twitter:label1\" content=\"Tiempo de lectura\" \/>\n\t<meta name=\"twitter:data1\" content=\"1 minuto\" \/>\n<script type=\"application\/ld+json\" class=\"yoast-schema-graph\">{\"@context\":\"https:\/\/schema.org\",\"@graph\":[{\"@type\":\"WebPage\",\"@id\":\"https:\/\/marbelladreamvillas.com\/es\/contacto\/\",\"url\":\"https:\/\/marbelladreamvillas.com\/es\/contacto\/\",\"name\":\"Contacta con Marbella Dream Villas: Busca una villa de lujo en Marbella\",\"isPartOf\":{\"@id\":\"https:\/\/marbelladreamvillas.com\/#website\"},\"datePublished\":\"2023-03-18T06:10:54+00:00\",\"dateModified\":\"2025-11-19T11:49:40+00:00\",\"description\":\"Ponte en contacto con Marbella Dream Villas para todas tus consultas sobre alquileres vacacionales de lujo. Nuestro equipo especializado est\u00e1 aqu\u00ed para ayudarte\",\"breadcrumb\":{\"@id\":\"https:\/\/marbelladreamvillas.com\/es\/contacto\/#breadcrumb\"},\"inLanguage\":\"es\",\"potentialAction\":[{\"@type\":\"ReadAction\",\"target\":[\"https:\/\/marbelladreamvillas.com\/es\/contacto\/\"]}]},{\"@type\":\"BreadcrumbList\",\"@id\":\"https:\/\/marbelladreamvillas.com\/es\/contacto\/#breadcrumb\",\"itemListElement\":[{\"@type\":\"ListItem\",\"position\":1,\"name\":\"Home\",\"item\":\"https:\/\/marbelladreamvillas.com\/es\/inicio\/\"},{\"@type\":\"ListItem\",\"position\":2,\"name\":\"Ponte en contacto con\"}]},{\"@type\":\"WebSite\",\"@id\":\"https:\/\/marbelladreamvillas.com\/#website\",\"url\":\"https:\/\/marbelladreamvillas.com\/\",\"name\":\"Marbella Dream Villas\",\"description\":\"Luxury Villa Rentals Marbella\",\"publisher\":{\"@id\":\"https:\/\/marbelladreamvillas.com\/#organization\"},\"potentialAction\":[{\"@type\":\"SearchAction\",\"target\":{\"@type\":\"EntryPoint\",\"urlTemplate\":\"https:\/\/marbelladreamvillas.com\/?s={search_term_string}\"},\"query-input\":{\"@type\":\"PropertyValueSpecification\",\"valueRequired\":true,\"valueName\":\"search_term_string\"}}],\"inLanguage\":\"es\"},{\"@type\":\"Organization\",\"@id\":\"https:\/\/marbelladreamvillas.com\/#organization\",\"name\":\"Marbella Dream Villas\",\"url\":\"https:\/\/marbelladreamvillas.com\/\",\"logo\":{\"@type\":\"ImageObject\",\"inLanguage\":\"es\",\"@id\":\"https:\/\/marbelladreamvillas.com\/#\/schema\/logo\/image\/\",\"url\":\"https:\/\/marbelladreamvillas.com\/wp-content\/uploads\/2025\/02\/dv-logo.png\",\"contentUrl\":\"https:\/\/marbelladreamvillas.com\/wp-content\/uploads\/2025\/02\/dv-logo.png\",\"width\":400,\"height\":300,\"caption\":\"Marbella Dream Villas\"},\"image\":{\"@id\":\"https:\/\/marbelladreamvillas.com\/#\/schema\/logo\/image\/\"}}]}<\/script>\n<!-- \/ Yoast SEO plugin. -->","yoast_head_json":{"title":"Contacta con Marbella Dream Villas: Busca una villa de lujo en Marbella","description":"Ponte en contacto con Marbella Dream Villas para todas tus consultas sobre alquileres vacacionales de lujo. Nuestro equipo especializado est\u00e1 aqu\u00ed para ayudarte","robots":{"index":"index","follow":"follow","max-snippet":"max-snippet:-1","max-image-preview":"max-image-preview:large","max-video-preview":"max-video-preview:-1"},"canonical":"https:\/\/marbelladreamvillas.com\/es\/contacto\/","og_locale":"es_ES","og_type":"article","og_title":"Contacta con Marbella Dream Villas: Busca una villa de lujo en Marbella","og_description":"Ponte en contacto con Marbella Dream Villas para todas tus consultas sobre alquileres vacacionales de lujo. Nuestro equipo especializado est\u00e1 aqu\u00ed para ayudarte","og_url":"https:\/\/marbelladreamvillas.com\/es\/contacto\/","og_site_name":"Marbella Dream Villas","article_modified_time":"2025-11-19T11:49:40+00:00","og_image":[{"width":1920,"height":1280,"url":"https:\/\/marbelladreamvillas.com\/wp-content\/uploads\/2023\/05\/16-2.jpg","type":"image\/jpeg"}],"twitter_card":"summary_large_image","twitter_misc":{"Tiempo de lectura":"1 minuto"},"schema":{"@context":"https:\/\/schema.org","@graph":[{"@type":"WebPage","@id":"https:\/\/marbelladreamvillas.com\/es\/contacto\/","url":"https:\/\/marbelladreamvillas.com\/es\/contacto\/","name":"Contacta con Marbella Dream Villas: Busca una villa de lujo en Marbella","isPartOf":{"@id":"https:\/\/marbelladreamvillas.com\/#website"},"datePublished":"2023-03-18T06:10:54+00:00","dateModified":"2025-11-19T11:49:40+00:00","description":"Ponte en contacto con Marbella Dream Villas para todas tus consultas sobre alquileres vacacionales de lujo. Nuestro equipo especializado est\u00e1 aqu\u00ed para ayudarte","breadcrumb":{"@id":"https:\/\/marbelladreamvillas.com\/es\/contacto\/#breadcrumb"},"inLanguage":"es","potentialAction":[{"@type":"ReadAction","target":["https:\/\/marbelladreamvillas.com\/es\/contacto\/"]}]},{"@type":"BreadcrumbList","@id":"https:\/\/marbelladreamvillas.com\/es\/contacto\/#breadcrumb","itemListElement":[{"@type":"ListItem","position":1,"name":"Home","item":"https:\/\/marbelladreamvillas.com\/es\/inicio\/"},{"@type":"ListItem","position":2,"name":"Ponte en contacto con"}]},{"@type":"WebSite","@id":"https:\/\/marbelladreamvillas.com\/#website","url":"https:\/\/marbelladreamvillas.com\/","name":"Marbella Dream Villas","description":"Luxury Villa Rentals Marbella","publisher":{"@id":"https:\/\/marbelladreamvillas.com\/#organization"},"potentialAction":[{"@type":"SearchAction","target":{"@type":"EntryPoint","urlTemplate":"https:\/\/marbelladreamvillas.com\/?s={search_term_string}"},"query-input":{"@type":"PropertyValueSpecification","valueRequired":true,"valueName":"search_term_string"}}],"inLanguage":"es"},{"@type":"Organization","@id":"https:\/\/marbelladreamvillas.com\/#organization","name":"Marbella Dream Villas","url":"https:\/\/marbelladreamvillas.com\/","logo":{"@type":"ImageObject","inLanguage":"es","@id":"https:\/\/marbelladreamvillas.com\/#\/schema\/logo\/image\/","url":"https:\/\/marbelladreamvillas.com\/wp-content\/uploads\/2025\/02\/dv-logo.png","contentUrl":"https:\/\/marbelladreamvillas.com\/wp-content\/uploads\/2025\/02\/dv-logo.png","width":400,"height":300,"caption":"Marbella Dream Villas"},"image":{"@id":"https:\/\/marbelladreamvillas.com\/#\/schema\/logo\/image\/"}}]}},"_links":{"self":[{"href":"https:\/\/marbelladreamvillas.com\/es\/wp-json\/wp\/v2\/pages\/10974","targetHints":{"allow":["GET"]}}],"collection":[{"href":"https:\/\/marbelladreamvillas.com\/es\/wp-json\/wp\/v2\/pages"}],"about":[{"href":"https:\/\/marbelladreamvillas.com\/es\/wp-json\/wp\/v2\/types\/page"}],"author":[{"embeddable":true,"href":"https:\/\/marbelladreamvillas.com\/es\/wp-json\/wp\/v2\/users\/1"}],"replies":[{"embeddable":true,"href":"https:\/\/marbelladreamvillas.com\/es\/wp-json\/wp\/v2\/comments?post=10974"}],"version-history":[{"count":4,"href":"https:\/\/marbelladreamvillas.com\/es\/wp-json\/wp\/v2\/pages\/10974\/revisions"}],"predecessor-version":[{"id":16446,"href":"https:\/\/marbelladreamvillas.com\/es\/wp-json\/wp\/v2\/pages\/10974\/revisions\/16446"}],"wp:attachment":[{"href":"https:\/\/marbelladreamvillas.com\/es\/wp-json\/wp\/v2\/media?parent=10974"}],"curies":[{"name":"wp","href":"https:\/\/api.w.org\/{rel}","templated":true}]}}